{"id":257,"date":"2020-01-12T19:40:35","date_gmt":"2020-01-12T22:40:35","guid":{"rendered":"https:\/\/aulasdepiano.com.br\/posts\/index.php\/?page_id=257"},"modified":"2020-01-12T19:40:35","modified_gmt":"2020-01-12T22:40:35","slug":"teoria-musical","status":"publish","type":"page","link":"https:\/\/aulasdepiano.com.br\/posts\/index.php\/teoria-musical\/","title":{"rendered":"Teoria Musical"},"content":{"rendered":"<p>Nesta p\u00e1gina, est\u00e1 organizado o conte\u00fado dos artigos relacionados \u00e0 teoria musical:<\/p>\n<ol>\n<li><a href=\"https:\/\/aulasdepiano.com.br\/posts\/index.php\/2020\/01\/24\/intervalos-musicais\/\">Intervalos musicais<\/a><\/li>\n<li><a href=\"https:\/\/aulasdepiano.com.br\/posts\/index.php\/2020\/02\/02\/intervalos-classificacoes\/\">Intervalos &#8211; Classifica\u00e7\u00f5es I<\/a><\/li>\n<li><a href=\"https:\/\/aulasdepiano.com.br\/posts\/index.php\/2020\/02\/09\/intervalos-classificacao-ii\/\">Intervalos &#8211; Classifica\u00e7\u00f5es II<\/a><\/li>\n<li><a href=\"https:\/\/aulasdepiano.com.br\/posts\/index.php\/2020\/03\/01\/semitom\/\">Semitom<\/a><\/li>\n<li><a href=\"https:\/\/aulasdepiano.com.br\/posts\/index.php\/2020\/03\/08\/escalas-maiores\/\">Escalas maiores<\/a><\/li>\n<li><a href=\"https:\/\/aulasdepiano.com.br\/posts\/index.php\/2020\/03\/20\/acordes-maiores\/\">Acordes maiores<\/a>\n<ul>\n<li><a href=\"https:\/\/aulasdepiano.com.br\/posts\/index.php\/2020\/04\/12\/pratica-de-acordes-maiores\/\">Pr\u00e1tica de acordes maiores<\/a><\/li>\n<\/ul>\n<\/li>\n<li><a href=\"https:\/\/aulasdepiano.com.br\/posts\/index.php\/2020\/03\/30\/ciclo-das-quintas\/\">Ciclo das quintas<\/a><\/li>\n<li><a href=\"https:\/\/aulasdepiano.com.br\/posts\/index.php\/2020\/04\/07\/acordes-e-suas-inversoes\/\">Acordes e suas invers\u00f5es<\/a><\/li>\n<li><a href=\"https:\/\/aulasdepiano.com.br\/posts\/index.php\/2020\/04\/20\/campo-harmonico-maior\/\">Campo harm\u00f4nico maior<\/a><\/li>\n<li><a href=\"https:\/\/aulasdepiano.com.br\/posts\/index.php\/2020\/04\/27\/escalas-menores\/\">Escala menor I &#8211; natural<\/a><\/li>\n<li><a href=\"https:\/\/aulasdepiano.com.br\/posts\/index.php\/2020\/05\/04\/acordes-menores\/\">Acordes menores<\/a>\n<ul>\n<li><a href=\"https:\/\/aulasdepiano.com.br\/posts\/index.php\/2020\/05\/11\/pratica-de-acordes-menores\/\">Pr\u00e1tica de acordes menores<\/a><\/li>\n<\/ul>\n<\/li>\n<li><a href=\"https:\/\/aulasdepiano.com.br\/posts\/index.php\/2020\/05\/18\/escala-menor-harmonica\/\">Escala menor II &#8211; harm\u00f4nica<\/a><\/li>\n<li><a href=\"https:\/\/aulasdepiano.com.br\/posts\/index.php\/2020\/05\/25\/escala-menor-melodica\/\">Escala menor III &#8211; mel\u00f3dica<\/a><\/li>\n<li><a href=\"https:\/\/aulasdepiano.com.br\/posts\/index.php\/2020\/06\/01\/campo-harmonico-menor\/\">Campo harm\u00f4nico menor (I)\u00a0<\/a><\/li>\n<li><a href=\"https:\/\/aulasdepiano.com.br\/posts\/index.php\/2020\/06\/08\/campo-harmonico-menor-ii\/\">Campo harm\u00f4nico menor (II)<\/a><\/li>\n<\/ol>\n","protected":false},"excerpt":{"rendered":"<p>Nesta p\u00e1gina, est\u00e1 organizado o conte\u00fado dos artigos relacionados \u00e0 teoria musical: Intervalos musicais Intervalos &#8211; Classifica\u00e7\u00f5es I Intervalos &#8211; Classifica\u00e7\u00f5es II Semitom Escalas maiores Acordes maiores Pr\u00e1tica de acordes maiores Ciclo das quintas Acordes e suas invers\u00f5es Campo harm\u00f4nico maior Escala menor I &#8211; natural Acordes menores Pr\u00e1tica de acordes menores Escala menor II &hellip; <a href=\"https:\/\/aulasdepiano.com.br\/posts\/index.php\/teoria-musical\/\" class=\"more-link\">Continuar lendo <span class=\"screen-reader-text\">Teoria Musical<\/span><\/a><\/p>\n","protected":false},"author":1,"featured_media":0,"parent":0,"menu_order":0,"comment_status":"closed","ping_status":"closed","template":"","meta":{"footnotes":""},"yoast_head":"<!-- This site is optimized with the Yoast SEO plugin v21.7 - https:\/\/yoast.com\/wordpress\/plugins\/seo\/ -->\n<title>Teoria Musical - Professora de Piano<\/title>\n<meta name=\"robots\" content=\"index, follow, max-snippet:-1, max-image-preview:large, max-video-preview:-1\" \/>\n<link rel=\"canonical\" href=\"https:\/\/aulasdepiano.com.br\/posts\/index.php\/teoria-musical\/\" \/>\n<meta property=\"og:locale\" content=\"pt_BR\" \/>\n<meta property=\"og:type\" content=\"article\" \/>\n<meta property=\"og:title\" content=\"Teoria Musical - Professora de Piano\" \/>\n<meta property=\"og:description\" content=\"Nesta p\u00e1gina, est\u00e1 organizado o conte\u00fado dos artigos relacionados \u00e0 teoria musical: Intervalos musicais Intervalos &#8211; Classifica\u00e7\u00f5es I Intervalos &#8211; Classifica\u00e7\u00f5es II Semitom Escalas maiores Acordes maiores Pr\u00e1tica de acordes maiores Ciclo das quintas Acordes e suas invers\u00f5es Campo harm\u00f4nico maior Escala menor I &#8211; natural Acordes menores Pr\u00e1tica de acordes menores Escala menor II &hellip; Continuar lendo Teoria Musical\" \/>\n<meta property=\"og:url\" content=\"https:\/\/aulasdepiano.com.br\/posts\/index.php\/teoria-musical\/\" \/>\n<meta property=\"og:site_name\" content=\"Professora de Piano\" \/>\n<meta name=\"twitter:card\" content=\"summary_large_image\" \/>\n<script type=\"application\/ld+json\" class=\"yoast-schema-graph\">{\"@context\":\"https:\/\/schema.org\",\"@graph\":[{\"@type\":\"WebPage\",\"@id\":\"https:\/\/aulasdepiano.com.br\/posts\/index.php\/teoria-musical\/\",\"url\":\"https:\/\/aulasdepiano.com.br\/posts\/index.php\/teoria-musical\/\",\"name\":\"Teoria Musical - Professora de Piano\",\"isPartOf\":{\"@id\":\"https:\/\/aulasdepiano.com.br\/posts\/#website\"},\"datePublished\":\"2020-01-12T22:40:35+00:00\",\"dateModified\":\"2020-01-12T22:40:35+00:00\",\"breadcrumb\":{\"@id\":\"https:\/\/aulasdepiano.com.br\/posts\/index.php\/teoria-musical\/#breadcrumb\"},\"inLanguage\":\"pt-BR\",\"potentialAction\":[{\"@type\":\"ReadAction\",\"target\":[\"https:\/\/aulasdepiano.com.br\/posts\/index.php\/teoria-musical\/\"]}]},{\"@type\":\"BreadcrumbList\",\"@id\":\"https:\/\/aulasdepiano.com.br\/posts\/index.php\/teoria-musical\/#breadcrumb\",\"itemListElement\":[{\"@type\":\"ListItem\",\"position\":1,\"name\":\"In\u00edcio\",\"item\":\"https:\/\/aulasdepiano.com.br\/posts\/\"},{\"@type\":\"ListItem\",\"position\":2,\"name\":\"Teoria Musical\"}]},{\"@type\":\"WebSite\",\"@id\":\"https:\/\/aulasdepiano.com.br\/posts\/#website\",\"url\":\"https:\/\/aulasdepiano.com.br\/posts\/\",\"name\":\"Professora de Piano\",\"description\":\"\",\"potentialAction\":[{\"@type\":\"SearchAction\",\"target\":{\"@type\":\"EntryPoint\",\"urlTemplate\":\"https:\/\/aulasdepiano.com.br\/posts\/?s={search_term_string}\"},\"query-input\":\"required name=search_term_string\"}],\"inLanguage\":\"pt-BR\"}]}<\/script>\n<!-- \/ Yoast SEO plugin. -->","yoast_head_json":{"title":"Teoria Musical - Professora de Piano","robots":{"index":"index","follow":"follow","max-snippet":"max-snippet:-1","max-image-preview":"max-image-preview:large","max-video-preview":"max-video-preview:-1"},"canonical":"https:\/\/aulasdepiano.com.br\/posts\/index.php\/teoria-musical\/","og_locale":"pt_BR","og_type":"article","og_title":"Teoria Musical - Professora de Piano","og_description":"Nesta p\u00e1gina, est\u00e1 organizado o conte\u00fado dos artigos relacionados \u00e0 teoria musical: Intervalos musicais Intervalos &#8211; Classifica\u00e7\u00f5es I Intervalos &#8211; Classifica\u00e7\u00f5es II Semitom Escalas maiores Acordes maiores Pr\u00e1tica de acordes maiores Ciclo das quintas Acordes e suas invers\u00f5es Campo harm\u00f4nico maior Escala menor I &#8211; natural Acordes menores Pr\u00e1tica de acordes menores Escala menor II &hellip; Continuar lendo Teoria Musical","og_url":"https:\/\/aulasdepiano.com.br\/posts\/index.php\/teoria-musical\/","og_site_name":"Professora de Piano","twitter_card":"summary_large_image","schema":{"@context":"https:\/\/schema.org","@graph":[{"@type":"WebPage","@id":"https:\/\/aulasdepiano.com.br\/posts\/index.php\/teoria-musical\/","url":"https:\/\/aulasdepiano.com.br\/posts\/index.php\/teoria-musical\/","name":"Teoria Musical - Professora de Piano","isPartOf":{"@id":"https:\/\/aulasdepiano.com.br\/posts\/#website"},"datePublished":"2020-01-12T22:40:35+00:00","dateModified":"2020-01-12T22:40:35+00:00","breadcrumb":{"@id":"https:\/\/aulasdepiano.com.br\/posts\/index.php\/teoria-musical\/#breadcrumb"},"inLanguage":"pt-BR","potentialAction":[{"@type":"ReadAction","target":["https:\/\/aulasdepiano.com.br\/posts\/index.php\/teoria-musical\/"]}]},{"@type":"BreadcrumbList","@id":"https:\/\/aulasdepiano.com.br\/posts\/index.php\/teoria-musical\/#breadcrumb","itemListElement":[{"@type":"ListItem","position":1,"name":"In\u00edcio","item":"https:\/\/aulasdepiano.com.br\/posts\/"},{"@type":"ListItem","position":2,"name":"Teoria Musical"}]},{"@type":"WebSite","@id":"https:\/\/aulasdepiano.com.br\/posts\/#website","url":"https:\/\/aulasdepiano.com.br\/posts\/","name":"Professora de Piano","description":"","potentialAction":[{"@type":"SearchAction","target":{"@type":"EntryPoint","urlTemplate":"https:\/\/aulasdepiano.com.br\/posts\/?s={search_term_string}"},"query-input":"required name=search_term_string"}],"inLanguage":"pt-BR"}]}},"jetpack_sharing_enabled":true,"jetpack_likes_enabled":true,"jetpack-related-posts":[{"id":427,"url":"https:\/\/aulasdepiano.com.br\/posts\/index.php\/educacao-musical\/","url_meta":{"origin":257,"position":0},"title":"Educa\u00e7\u00e3o Musical","author":"jucampitelli","date":"15\/01\/2020","format":false,"excerpt":"Esse \u00e9 um espa\u00e7o para refletirmos sobre as possibilidades do ensino de m\u00fasica. Como professora de m\u00fasica e tamb\u00e9m estudante, penso que seja importante compartilhar informa\u00e7\u00f5es sobre as possibilidades do ensino de m\u00fasica no nosso pa\u00eds. Aqui tento esclarecer sobre algumas modalidade e tamb\u00e9m comentar sobre cursos dispon\u00edveis, desde o\u2026","rel":"","context":"Post similar","block_context":{"text":"Post similar","link":""},"img":{"alt_text":"","src":"","width":0,"height":0},"classes":[]},{"id":1176,"url":"https:\/\/aulasdepiano.com.br\/posts\/index.php\/historia-da-musica\/","url_meta":{"origin":257,"position":1},"title":"HIST\u00d3RIA DA M\u00daSICA","author":"jucampitelli","date":"26\/06\/2020","format":false,"excerpt":"A m\u00e3o de acordo com o pianistaO que \u00e9 uma sonata?","rel":"","context":"Post similar","block_context":{"text":"Post similar","link":""},"img":{"alt_text":"","src":"","width":0,"height":0},"classes":[]}],"_links":{"self":[{"href":"https:\/\/aulasdepiano.com.br\/posts\/index.php\/wp-json\/wp\/v2\/pages\/257"}],"collection":[{"href":"https:\/\/aulasdepiano.com.br\/posts\/index.php\/wp-json\/wp\/v2\/pages"}],"about":[{"href":"https:\/\/aulasdepiano.com.br\/posts\/index.php\/wp-json\/wp\/v2\/types\/page"}],"author":[{"embeddable":true,"href":"https:\/\/aulasdepiano.com.br\/posts\/index.php\/wp-json\/wp\/v2\/users\/1"}],"replies":[{"embeddable":true,"href":"https:\/\/aulasdepiano.com.br\/posts\/index.php\/wp-json\/wp\/v2\/comments?post=257"}],"version-history":[{"count":0,"href":"https:\/\/aulasdepiano.com.br\/posts\/index.php\/wp-json\/wp\/v2\/pages\/257\/revisions"}],"wp:attachment":[{"href":"https:\/\/aulasdepiano.com.br\/posts\/index.php\/wp-json\/wp\/v2\/media?parent=257"}],"curies":[{"name":"wp","href":"https:\/\/api.w.org\/{rel}","templated":true}]}}