{"id":427,"date":"2020-01-15T22:06:56","date_gmt":"2020-01-16T01:06:56","guid":{"rendered":"https:\/\/aulasdepiano.com.br\/posts\/index.php\/?page_id=427"},"modified":"2020-01-15T22:06:56","modified_gmt":"2020-01-16T01:06:56","slug":"educacao-musical","status":"publish","type":"page","link":"https:\/\/aulasdepiano.com.br\/posts\/index.php\/educacao-musical\/","title":{"rendered":"Educa\u00e7\u00e3o Musical"},"content":{"rendered":"<p style=\"text-align:justify;\">Esse \u00e9 um espa\u00e7o para refletirmos sobre as possibilidades do ensino de m\u00fasica. Como professora de m\u00fasica e tamb\u00e9m estudante, penso que seja importante compartilhar informa\u00e7\u00f5es sobre as possibilidades do ensino de m\u00fasica no nosso pa\u00eds. Aqui tento esclarecer sobre algumas modalidade e tamb\u00e9m comentar sobre cursos dispon\u00edveis, desde o ensino b\u00e1sico at\u00e9 o superior.<\/p>\n<ul>\n<li><a href=\"https:\/\/aulasdepiano.com.br\/posts\/index.php\/2020\/04\/28\/o-que-e-musicalizacao-infantil-2\/\">O que \u00e9 musicaliza\u00e7\u00e3o infantil?\u00a0<\/a><\/li>\n<li><a href=\"https:\/\/aulasdepiano.com.br\/posts\/index.php\/2020\/06\/15\/importancia-do-canto-coral-infantil\/\">Benef\u00edcios do canto coral infantil<\/a><\/li>\n<\/ul>\n","protected":false},"excerpt":{"rendered":"<p>Esse \u00e9 um espa\u00e7o para refletirmos sobre as possibilidades do ensino de m\u00fasica. Como professora de m\u00fasica e tamb\u00e9m estudante, penso que seja importante compartilhar informa\u00e7\u00f5es sobre as possibilidades do ensino de m\u00fasica no nosso pa\u00eds. Aqui tento esclarecer sobre algumas modalidade e tamb\u00e9m comentar sobre cursos dispon\u00edveis, desde o ensino b\u00e1sico at\u00e9 o superior. &hellip; <a href=\"https:\/\/aulasdepiano.com.br\/posts\/index.php\/educacao-musical\/\" class=\"more-link\">Continuar lendo <span class=\"screen-reader-text\">Educa\u00e7\u00e3o Musical<\/span><\/a><\/p>\n","protected":false},"author":1,"featured_media":0,"parent":0,"menu_order":0,"comment_status":"open","ping_status":"closed","template":"","meta":{"footnotes":""},"yoast_head":"<!-- This site is optimized with the Yoast SEO plugin v21.7 - https:\/\/yoast.com\/wordpress\/plugins\/seo\/ -->\n<title>Educa\u00e7\u00e3o Musical - Professora de Piano<\/title>\n<meta name=\"robots\" content=\"index, follow, max-snippet:-1, max-image-preview:large, max-video-preview:-1\" \/>\n<link rel=\"canonical\" href=\"https:\/\/aulasdepiano.com.br\/posts\/index.php\/educacao-musical\/\" \/>\n<meta property=\"og:locale\" content=\"pt_BR\" \/>\n<meta property=\"og:type\" content=\"article\" \/>\n<meta property=\"og:title\" content=\"Educa\u00e7\u00e3o Musical - Professora de Piano\" \/>\n<meta property=\"og:description\" content=\"Esse \u00e9 um espa\u00e7o para refletirmos sobre as possibilidades do ensino de m\u00fasica. Como professora de m\u00fasica e tamb\u00e9m estudante, penso que seja importante compartilhar informa\u00e7\u00f5es sobre as possibilidades do ensino de m\u00fasica no nosso pa\u00eds. Aqui tento esclarecer sobre algumas modalidade e tamb\u00e9m comentar sobre cursos dispon\u00edveis, desde o ensino b\u00e1sico at\u00e9 o superior. &hellip; Continuar lendo Educa\u00e7\u00e3o Musical\" \/>\n<meta property=\"og:url\" content=\"https:\/\/aulasdepiano.com.br\/posts\/index.php\/educacao-musical\/\" \/>\n<meta property=\"og:site_name\" content=\"Professora de Piano\" \/>\n<meta name=\"twitter:card\" content=\"summary_large_image\" \/>\n<script type=\"application\/ld+json\" class=\"yoast-schema-graph\">{\"@context\":\"https:\/\/schema.org\",\"@graph\":[{\"@type\":\"WebPage\",\"@id\":\"https:\/\/aulasdepiano.com.br\/posts\/index.php\/educacao-musical\/\",\"url\":\"https:\/\/aulasdepiano.com.br\/posts\/index.php\/educacao-musical\/\",\"name\":\"Educa\u00e7\u00e3o Musical - Professora de Piano\",\"isPartOf\":{\"@id\":\"https:\/\/aulasdepiano.com.br\/posts\/#website\"},\"datePublished\":\"2020-01-16T01:06:56+00:00\",\"dateModified\":\"2020-01-16T01:06:56+00:00\",\"breadcrumb\":{\"@id\":\"https:\/\/aulasdepiano.com.br\/posts\/index.php\/educacao-musical\/#breadcrumb\"},\"inLanguage\":\"pt-BR\",\"potentialAction\":[{\"@type\":\"ReadAction\",\"target\":[\"https:\/\/aulasdepiano.com.br\/posts\/index.php\/educacao-musical\/\"]}]},{\"@type\":\"BreadcrumbList\",\"@id\":\"https:\/\/aulasdepiano.com.br\/posts\/index.php\/educacao-musical\/#breadcrumb\",\"itemListElement\":[{\"@type\":\"ListItem\",\"position\":1,\"name\":\"In\u00edcio\",\"item\":\"https:\/\/aulasdepiano.com.br\/posts\/\"},{\"@type\":\"ListItem\",\"position\":2,\"name\":\"Educa\u00e7\u00e3o Musical\"}]},{\"@type\":\"WebSite\",\"@id\":\"https:\/\/aulasdepiano.com.br\/posts\/#website\",\"url\":\"https:\/\/aulasdepiano.com.br\/posts\/\",\"name\":\"Professora de Piano\",\"description\":\"\",\"potentialAction\":[{\"@type\":\"SearchAction\",\"target\":{\"@type\":\"EntryPoint\",\"urlTemplate\":\"https:\/\/aulasdepiano.com.br\/posts\/?s={search_term_string}\"},\"query-input\":\"required name=search_term_string\"}],\"inLanguage\":\"pt-BR\"}]}<\/script>\n<!-- \/ Yoast SEO plugin. -->","yoast_head_json":{"title":"Educa\u00e7\u00e3o Musical - Professora de Piano","robots":{"index":"index","follow":"follow","max-snippet":"max-snippet:-1","max-image-preview":"max-image-preview:large","max-video-preview":"max-video-preview:-1"},"canonical":"https:\/\/aulasdepiano.com.br\/posts\/index.php\/educacao-musical\/","og_locale":"pt_BR","og_type":"article","og_title":"Educa\u00e7\u00e3o Musical - Professora de Piano","og_description":"Esse \u00e9 um espa\u00e7o para refletirmos sobre as possibilidades do ensino de m\u00fasica. Como professora de m\u00fasica e tamb\u00e9m estudante, penso que seja importante compartilhar informa\u00e7\u00f5es sobre as possibilidades do ensino de m\u00fasica no nosso pa\u00eds. Aqui tento esclarecer sobre algumas modalidade e tamb\u00e9m comentar sobre cursos dispon\u00edveis, desde o ensino b\u00e1sico at\u00e9 o superior. &hellip; Continuar lendo Educa\u00e7\u00e3o Musical","og_url":"https:\/\/aulasdepiano.com.br\/posts\/index.php\/educacao-musical\/","og_site_name":"Professora de Piano","twitter_card":"summary_large_image","schema":{"@context":"https:\/\/schema.org","@graph":[{"@type":"WebPage","@id":"https:\/\/aulasdepiano.com.br\/posts\/index.php\/educacao-musical\/","url":"https:\/\/aulasdepiano.com.br\/posts\/index.php\/educacao-musical\/","name":"Educa\u00e7\u00e3o Musical - Professora de Piano","isPartOf":{"@id":"https:\/\/aulasdepiano.com.br\/posts\/#website"},"datePublished":"2020-01-16T01:06:56+00:00","dateModified":"2020-01-16T01:06:56+00:00","breadcrumb":{"@id":"https:\/\/aulasdepiano.com.br\/posts\/index.php\/educacao-musical\/#breadcrumb"},"inLanguage":"pt-BR","potentialAction":[{"@type":"ReadAction","target":["https:\/\/aulasdepiano.com.br\/posts\/index.php\/educacao-musical\/"]}]},{"@type":"BreadcrumbList","@id":"https:\/\/aulasdepiano.com.br\/posts\/index.php\/educacao-musical\/#breadcrumb","itemListElement":[{"@type":"ListItem","position":1,"name":"In\u00edcio","item":"https:\/\/aulasdepiano.com.br\/posts\/"},{"@type":"ListItem","position":2,"name":"Educa\u00e7\u00e3o Musical"}]},{"@type":"WebSite","@id":"https:\/\/aulasdepiano.com.br\/posts\/#website","url":"https:\/\/aulasdepiano.com.br\/posts\/","name":"Professora de Piano","description":"","potentialAction":[{"@type":"SearchAction","target":{"@type":"EntryPoint","urlTemplate":"https:\/\/aulasdepiano.com.br\/posts\/?s={search_term_string}"},"query-input":"required name=search_term_string"}],"inLanguage":"pt-BR"}]}},"jetpack_sharing_enabled":true,"jetpack_likes_enabled":true,"jetpack-related-posts":[{"id":261,"url":"https:\/\/aulasdepiano.com.br\/posts\/index.php\/sugestoes-musicais\/","url_meta":{"origin":427,"position":0},"title":"Sugest\u00f5es musicais","author":"jucampitelli","date":"12\/01\/2020","format":false,"excerpt":"Esse \u00e9 um espa\u00e7o dedicado a assuntos relacionados \u00e0 arte. Podem ser exposi\u00e7\u00f5es, filmes, m\u00fasicas, teatro ou livros. S\u00e3o lugares que j\u00e1 visitei, concertos que ir\u00e3o ocorrer ou j\u00e1 ocorreram, pe\u00e7as que assisti ou livros que considero importantes para o estudo de m\u00fasica. Aqui s\u00e3o experi\u00eancias di\u00e1rias que eu gosto\u2026","rel":"","context":"Com 2 coment\u00e1rios","block_context":{"text":"Com 2 coment\u00e1rios","link":"https:\/\/aulasdepiano.com.br\/posts\/index.php\/sugestoes-musicais\/#comments"},"img":{"alt_text":"","src":"","width":0,"height":0},"classes":[]},{"id":1176,"url":"https:\/\/aulasdepiano.com.br\/posts\/index.php\/historia-da-musica\/","url_meta":{"origin":427,"position":1},"title":"HIST\u00d3RIA DA M\u00daSICA","author":"jucampitelli","date":"26\/06\/2020","format":false,"excerpt":"A m\u00e3o de acordo com o pianistaO que \u00e9 uma sonata?","rel":"","context":"Post similar","block_context":{"text":"Post similar","link":""},"img":{"alt_text":"","src":"","width":0,"height":0},"classes":[]},{"id":257,"url":"https:\/\/aulasdepiano.com.br\/posts\/index.php\/teoria-musical\/","url_meta":{"origin":427,"position":2},"title":"Teoria Musical","author":"jucampitelli","date":"12\/01\/2020","format":false,"excerpt":"Nesta p\u00e1gina, est\u00e1 organizado o conte\u00fado dos artigos relacionados \u00e0 teoria musical: Intervalos musicais Intervalos - Classifica\u00e7\u00f5es I Intervalos - Classifica\u00e7\u00f5es II Semitom Escalas maiores Acordes maiores Pr\u00e1tica de acordes maiores Ciclo das quintas Acordes e suas invers\u00f5es Campo harm\u00f4nico maior Escala menor I - natural Acordes menores Pr\u00e1tica de\u2026","rel":"","context":"Post similar","block_context":{"text":"Post similar","link":""},"img":{"alt_text":"","src":"","width":0,"height":0},"classes":[]}],"_links":{"self":[{"href":"https:\/\/aulasdepiano.com.br\/posts\/index.php\/wp-json\/wp\/v2\/pages\/427"}],"collection":[{"href":"https:\/\/aulasdepiano.com.br\/posts\/index.php\/wp-json\/wp\/v2\/pages"}],"about":[{"href":"https:\/\/aulasdepiano.com.br\/posts\/index.php\/wp-json\/wp\/v2\/types\/page"}],"author":[{"embeddable":true,"href":"https:\/\/aulasdepiano.com.br\/posts\/index.php\/wp-json\/wp\/v2\/users\/1"}],"replies":[{"embeddable":true,"href":"https:\/\/aulasdepiano.com.br\/posts\/index.php\/wp-json\/wp\/v2\/comments?post=427"}],"version-history":[{"count":0,"href":"https:\/\/aulasdepiano.com.br\/posts\/index.php\/wp-json\/wp\/v2\/pages\/427\/revisions"}],"wp:attachment":[{"href":"https:\/\/aulasdepiano.com.br\/posts\/index.php\/wp-json\/wp\/v2\/media?parent=427"}],"curies":[{"name":"wp","href":"https:\/\/api.w.org\/{rel}","templated":true}]}}